{"id":258,"date":"2018-01-22T10:17:40","date_gmt":"2018-01-22T14:17:40","guid":{"rendered":"http:\/\/ayuntamientotabaraarriba.gob.do\/transparencia\/?page_id=258"},"modified":"2024-11-02T16:27:02","modified_gmt":"2024-11-02T20:27:02","slug":"responsable-de-acceso-a-la-informacion","status":"publish","type":"page","link":"https:\/\/ayuntamientotabaraarriba.gob.do\/transparencia\/responsable-de-acceso-a-la-informacion\/","title":{"rendered":"Responsable de Acceso a la Informaci\u00f3n"},"content":{"rendered":"<h3><strong>Samanyi Cabral Gonz\u00e1lez<\/strong><\/h3>\n<p>Encargada Oficina Acceso a la Informaci\u00f3n P\u00fablica<\/p>\n<p>Ayuntamiento Tabara Arriba<\/p>\n<p><strong>Direcci\u00f3n:<\/strong> Direcci\u00f3n calle primera n\u00fam 1<\/p>\n<p><strong>Telefono:<\/strong> (849) 637\u20116856\u202c<\/p>\n<p><strong>Correo <\/strong><strong>Institucional: <\/strong>ayuntamientomunicipaltabaraarriba@hotmail.com \/<strong>\u00a0<\/strong>samanyicabral72@gmail.com<\/p>\n<p>\u00a0<\/p>\n\n","protected":false},"excerpt":{"rendered":"Samanyi Cabral Gonz\u00e1lez Encargada Oficina Acceso a la Informaci\u00f3n P\u00fablica Ayuntamiento Tabara Arriba Direcci\u00f3n: Direcci\u00f3n calle primera n\u00fam 1 Telefono: (849) 637\u20116856\u202c Correo Institucional: ayuntamientomunicipaltabaraarriba@hotmail.com \/\u00a0samanyicabral72@gmail.com \u00a0","protected":false},"author":3,"featured_media":0,"parent":0,"menu_order":0,"comment_status":"closed","ping_status":"closed","template":"","meta":[],"_links":{"self":[{"href":"https:\/\/ayuntamientotabaraarriba.gob.do\/transparencia\/wp-json\/wp\/v2\/pages\/258"}],"collection":[{"href":"https:\/\/ayuntamientotabaraarriba.gob.do\/transparencia\/wp-json\/wp\/v2\/pages"}],"about":[{"href":"https:\/\/ayuntamientotabaraarriba.gob.do\/transparencia\/wp-json\/wp\/v2\/types\/page"}],"author":[{"embeddable":true,"href":"https:\/\/ayuntamientotabaraarriba.gob.do\/transparencia\/wp-json\/wp\/v2\/users\/3"}],"replies":[{"embeddable":true,"href":"https:\/\/ayuntamientotabaraarriba.gob.do\/transparencia\/wp-json\/wp\/v2\/comments?post=258"}],"version-history":[{"count":4,"href":"https:\/\/ayuntamientotabaraarriba.gob.do\/transparencia\/wp-json\/wp\/v2\/pages\/258\/revisions"}],"predecessor-version":[{"id":452,"href":"https:\/\/ayuntamientotabaraarriba.gob.do\/transparencia\/wp-json\/wp\/v2\/pages\/258\/revisions\/452"}],"wp:attachment":[{"href":"https:\/\/ayuntamientotabaraarriba.gob.do\/transparencia\/wp-json\/wp\/v2\/media?parent=258"}],"curies":[{"name":"wp","href":"https:\/\/api.w.org\/{rel}","templated":true}]}}